{"id":1502,"date":"2015-07-02T10:11:39","date_gmt":"2015-07-02T09:11:39","guid":{"rendered":"http:\/\/tommusrhodus.wpengine.com\/?page_id=293"},"modified":"2022-12-14T03:13:00","modified_gmt":"2022-12-14T01:13:00","slug":"sheikh-imran-nazar-hosein","status":"publish","type":"page","link":"http:\/\/imranhosein.org\/o\/sheikh-imran-nazar-hosein\/","title":{"rendered":"Classic Home"},"content":{"rendered":"<div class=\"wpb-content-wrapper\">[vc_row foundry_padding=&#8221;pt180 pb180 pt-xs-80 pb-xs-80&#8243; append_hr=&#8221;yes&#8221; css=&#8221;.vc_custom_1586690374978{background-image: url(http:\/\/imranhosein.org\/n\/wp-content\/uploads\/2020\/04\/INHkonstantinopel.jpg?id=3654) !important;}&#8221;][vc_column][vc_row_inner][vc_column_inner width=&#8221;1\/3&#8243;][foundry_icon_box icon=&#8221;&#8221;][\/foundry_icon_box][\/vc_column_inner][vc_column_inner width=&#8221;1\/3&#8243;][foundry_icon_box icon=&#8221;&#8221;][\/foundry_icon_box][\/vc_column_inner][vc_column_inner width=&#8221;1\/3&#8243;][foundry_icon_box icon=&#8221;&#8221; layout=&#8221;large-centered-boxed&#8221;]\n<h4><strong>IMRAN NAZAR HOSEIN &#8211; ISLAMIC SCHOLAR<\/strong><\/h4>\n<h4>Signs of The Times<\/h4>\n[\/foundry_icon_box][\/vc_column_inner][\/vc_row_inner][\/vc_column][\/vc_row][vc_row foundry_background_style=&#8221;bg-secondary&#8221; foundry_padding=&#8221;pt64 pb64&#8243;][vc_column][vc_row_inner][vc_column_inner width=&#8221;1\/6&#8243;][\/vc_column_inner][vc_column_inner width=&#8221;2\/3&#8243;][vc_column_text]\n<h3 style=\"text-align: center;\">The Messiah the Qur\u2019\u0101n and \u0100khir Al-Zam\u0101n<\/h3>\n<h5 style=\"text-align: center;\">(i.e., the end of History)<\/h5>\n[\/vc_column_text][\/vc_column_inner][vc_column_inner width=&#8221;1\/6&#8243;][\/vc_column_inner][\/vc_row_inner][vc_row_inner][vc_column_inner width=&#8221;1\/2&#8243;][vc_single_image image=&#8221;4523&#8243; img_size=&#8221;large&#8221; alignment=&#8221;center&#8221; style=&#8221;vc_box_shadow_3d&#8221; css_animation=&#8221;flipInY&#8221;][vc_raw_html]JTVCc2RtX2Rvd25sb2FkJTIwaWQlM0QlMjI0NTQzJTIyJTIwZmFuY3klM0QlMjIwJTIyJTVEJTBBJTBBJTVCc2RtX2Rvd25sb2FkX2NvdW50ZXIlMjBpZCUzRCUyMjQ1NDMlMjIlNUQ=[\/vc_raw_html][\/vc_column_inner][vc_column_inner width=&#8221;1\/2&#8243;][vc_column_text]\u201cBy Him in Whose Hands is my life, (I declare to you that)<br \/>\nthe Son of Mariam will descend amongst you . . .<br \/>\nHe will descend from the clouds with<br \/>\nhis hands resting on the wings of two angels . . .\u201d<br \/>\n<em>(Prophecies concerning the return of Jesus \u0639\u0644\u064a\u0647 \u0627\u0644\u0633\u0644\u0627\u0645)<\/em><\/p>\n<p>&#8211; IMRAN N. HOSEIN<\/p>\n<h5>About the Author<\/h5>\n<hr \/>\n<p>Sheikh Imran Nazar Hosein was born in the Caribbean island of Trinidad in 1942 from parents whose ancestors had migrated as indentured labourer from India. He is a graduate of the Aleemiyah Institute in Karachi and has studied at sevaral instutions of higher learning including the University of Karachi,the University of the West Indies, Al Azhar University and the Graduate Institute of International Relations in Switzerland. He worked for several years as a Foreign Service Officer in the Ministry of Foreign Affairs of the Government of Trinidad and Tobago but gave up his job in 1985 to devote his life to the mission of Islam. He lived in New York for ten years during which time he served as the Director of Islamic Studies for the Joint Committee of Muslim Organizations of Greater New York. He has traveled continuously and extensively around the world on Islamic lecture-tours since graduating from the Aleemiyah Institute of Islamic Studies in 1971 at age 29.[\/vc_column_text][\/vc_column_inner][\/vc_row_inner][\/vc_column][\/vc_row][vc_row foundry_padding=&#8221;pt64 pb64&#8243;][vc_column][vc_column_text css_animation=&#8221;fadeIn&#8221;]\n<h2 style=\"text-align: center;\"><span style=\"color: #008080;\">Latest Updates<\/span><\/h2>\n[\/vc_column_text][vc_empty_space height=&#8221;12px&#8221;][vc_basic_grid post_type=&#8221;post&#8221; max_items=&#8221;6&#8243; grid_id=&#8221;vc_gid:1670980314861-8823cbc53286f57df61d8447679af0e5-2&#8243; taxonomies=&#8221;166&#8243;][vc_btn title=&#8221;More Articles&#8221; color=&#8221;success&#8221; align=&#8221;center&#8221; css_animation=&#8221;bounceIn&#8221; link=&#8221;url:http%3A%2F%2Fimranhosein.org%2Fn%2Farticles%2F|||&#8221;][\/vc_column][\/vc_row][vc_row foundry_padding=&#8221;pt64 pb64&#8243;][vc_column][vc_column_text]\n<h2 style=\"text-align: center;\"><span style=\"color: #808080;\">Books<\/span><\/h2>\n[\/vc_column_text][vc_empty_space height=&#8221;52px&#8221;][vc_column_text][the_grid name=&#8221;Slider 3D Homepage Books&#8221;]\n<p style=\"text-align: center;\"><a href=\"http:\/\/imranhosein.org\/n\/e-books\/\">View Free E-Books (PDF)<\/a><\/p>\n<p style=\"text-align: center;\"><a class=\"btn btn-lg btn-filled\" href=\"http:\/\/imranhosein.com\/\">Visit Book Store<\/a><\/p>\n[\/vc_column_text][vc_row_inner][vc_column_inner width=&#8221;1\/2&#8243;][vc_single_image image=&#8221;4547&#8243; img_size=&#8221;full&#8221; alignment=&#8221;center&#8221; style=&#8221;vc_box_rounded&#8221; onclick=&#8221;custom_link&#8221; img_link_target=&#8221;_blank&#8221; css_animation=&#8221;fadeIn&#8221; link=&#8221;https:\/\/ieschatology.org\/&#8221;][\/vc_column_inner][vc_column_inner width=&#8221;1\/2&#8243;][vc_single_image image=&#8221;4661&#8243; img_size=&#8221;full&#8221; alignment=&#8221;center&#8221; style=&#8221;vc_box_rounded&#8221; onclick=&#8221;custom_link&#8221; img_link_target=&#8221;_blank&#8221; css_animation=&#8221;fadeIn&#8221; link=&#8221;https:\/\/the2oceans.xyz&#8221;][\/vc_column_inner][\/vc_row_inner][\/vc_column][\/vc_row][vc_row foundry_padding=&#8221;pt64 pb64&#8243; foundry_parallax=&#8221;not-parallax&#8221; css=&#8221;.vc_custom_1670041398677{background-color: #f4f4f4 !important;}&#8221;][vc_column][vc_column_text css_animation=&#8221;fadeIn&#8221;]\n<h2 style=\"text-align: center;\"><span style=\"color: #666699;\">Latest Video Lectures<\/span><\/h2>\n[\/vc_column_text][vc_empty_space height=&#8221;12px&#8221;][vc_raw_html]JTVCYXV0b21hdGljX3lvdXR1YmVfZ2FsbGVyeSUyMHR5cGUlM0QlMjJjaGFubmVsJTIyJTIwY2hhbm5lbCUzRCUyMlVDM1hsZ2JjOGdxM05PTW1kRVVBbGZHZyUyMiUyMGNhY2hlJTNEJTIyMzYwMCUyMiUyMHBlcl9wYWdlJTNEJTIyNiUyMiUyMHBhZ2luYXRpb24lM0QlMjIwJTIyJTIwcGFnaW5hdGlvbl90eXBlJTNEJTIycGFnZXIlMjIlMjBhdXRvYWR2YW5jZSUzRCUyMjAlMjIlNUQ=[\/vc_raw_html][vc_btn title=&#8221;More Lectures&#8221; color=&#8221;turquoise&#8221; align=&#8221;center&#8221; css_animation=&#8221;bounceIn&#8221; link=&#8221;url:http%3A%2F%2Fimranhosein.org%2Fn%2Fvideos%2F|||&#8221;][\/vc_column][\/vc_row][vc_row foundry_background_style=&#8221;bg-primary&#8221; foundry_padding=&#8221;pt64 pb64&#8243; css=&#8221;.vc_custom_1545240742363{background-color: #303030 !important;}&#8221;][vc_column width=&#8221;1\/4&#8243;][\/vc_column][vc_column width=&#8221;1\/2&#8243;][vc_single_image source=&#8221;external_link&#8221; alignment=&#8221;center&#8221; custom_src=&#8221;https:\/\/i.postimg.cc\/SKzyyXqT\/support-us.jpg&#8221;][vc_column_text css_animation=&#8221;flipInX&#8221;]\n<p style=\"text-align: center;\"><span style=\"color: #333333;\">.<\/span><\/p>\n<h4 style=\"text-align: center;\"><strong>SUPPORT SHEIKH IMRAN HOSEIN<\/strong><\/h4>\n<h4 style=\"text-align: center;\">By supporting us you will be able to help us in spreading the da&#8217;wah about the truth beyond the reality of the world today based on Al-Qur&#8217;an and Sunnah.<\/h4>\n<p style=\"text-align: center;\"><a class=\"btn btn-lg btn-filled\" href=\"https:\/\/ko-fi.com\/sheikhimranhosein#checkoutModal\" target=\"_blank\" rel=\"noopener noreferrer\">\u2192 Donate Now \u2190<\/a><\/p>\n[\/vc_column_text][\/vc_column][vc_column width=&#8221;1\/4&#8243;][\/vc_column][\/vc_row]\n<\/div>","protected":false},"excerpt":{"rendered":"<p>[vc_row foundry_padding=&#8221;pt180 pb180 pt-xs-80 pb-xs-80&#8243; append_hr=&#8221;yes&#8221; css=&#8221;.vc_custom_1586690374978{background-image: url(http:\/\/imranhosein.org\/n\/wp-content\/uploads\/2020\/04\/INHkonstantinopel.jpg?id=3654) !important;}&#8221;][vc_column][vc_row_inner][vc_column_inner width=&#8221;1\/3&#8243;][foundry_icon_box icon=&#8221;&#8221;][\/foundry_icon_box][\/vc_column_inner][vc_column_inner width=&#8221;1\/3&#8243;][foundry_icon_box icon=&#8221;&#8221;][\/foundry_icon_box][\/vc_column_inner][vc_column_inner width=&#8221;1\/3&#8243;][foundry_icon_box icon=&#8221;&#8221; layout=&#8221;large-centered-boxed&#8221;] IMRAN NAZAR HOSEIN &#8211; ISLAMIC SCHOLAR Signs of The Times [\/foundry_icon_box][\/vc_column_inner][\/vc_row_inner][\/vc_column][\/vc_row][vc_row foundry_background_style=&#8221;bg-secondary&#8221; foundry_padding=&#8221;pt64 pb64&#8243;][vc_column][vc_row_inner][vc_column_inner width=&#8221;1\/6&#8243;][\/vc_column_inner][vc_column_inner width=&#8221;2\/3&#8243;][vc_column_text] The Messiah the Qur\u2019\u0101n and \u0100khir Al-Zam\u0101n (i.e., the end of History) [\/vc_column_text][\/vc_column_inner][vc_column_inner width=&#8221;1\/6&#8243;][\/vc_column_inner][\/vc_row_inner][vc_row_inner][vc_column_inner width=&#8221;1\/2&#8243;][vc_single_image image=&#8221;4523&#8243; img_size=&#8221;large&#8221; alignment=&#8221;center&#8221; style=&#8221;vc_box_shadow_3d&#8221; css_animation=&#8221;flipInY&#8221;][vc_raw_html]JTVCc2RtX2Rvd25sb2FkJTIwaWQlM0QlMjI0NTQzJTIyJTIwZmFuY3klM0QlMjIwJTIyJTVEJTBBJTBBJTVCc2RtX2Rvd25sb2FkX2NvdW50ZXIlMjBpZCUzRCUyMjQ1NDMlMjIlNUQ=[\/vc_raw_html][\/vc_column_inner][vc_column_inner width=&#8221;1\/2&#8243;][vc_column_text]\u201cBy Him in Whose Hands is my life, &#8230;<\/p>\n","protected":false},"author":4,"featured_media":0,"parent":0,"menu_order":0,"comment_status":"closed","ping_status":"closed","template":"","meta":{"om_disable_all_campaigns":false,"_monsterinsights_skip_tracking":false,"_monsterinsights_sitenote_active":false,"_monsterinsights_sitenote_note":"","_monsterinsights_sitenote_category":0,"footnotes":""},"aioseo_notices":[],"_links":{"self":[{"href":"http:\/\/imranhosein.org\/o\/wp-json\/wp\/v2\/pages\/1502"}],"collection":[{"href":"http:\/\/imranhosein.org\/o\/wp-json\/wp\/v2\/pages"}],"about":[{"href":"http:\/\/imranhosein.org\/o\/wp-json\/wp\/v2\/types\/page"}],"author":[{"embeddable":true,"href":"http:\/\/imranhosein.org\/o\/wp-json\/wp\/v2\/users\/4"}],"replies":[{"embeddable":true,"href":"http:\/\/imranhosein.org\/o\/wp-json\/wp\/v2\/comments?post=1502"}],"version-history":[{"count":344,"href":"http:\/\/imranhosein.org\/o\/wp-json\/wp\/v2\/pages\/1502\/revisions"}],"predecessor-version":[{"id":4662,"href":"http:\/\/imranhosein.org\/o\/wp-json\/wp\/v2\/pages\/1502\/revisions\/4662"}],"wp:attachment":[{"href":"http:\/\/imranhosein.org\/o\/wp-json\/wp\/v2\/media?parent=1502"}],"curies":[{"name":"wp","href":"https:\/\/api.w.org\/{rel}","templated":true}]}}